{"id":118,"date":"2021-02-19T10:22:16","date_gmt":"2021-02-19T10:22:16","guid":{"rendered":"https:\/\/rolldausprod.wpengine.com\/?page_id=118"},"modified":"2025-08-27T15:37:05","modified_gmt":"2025-08-27T04:37:05","slug":"careers","status":"publish","type":"page","link":"https:\/\/rolld.co\/nz\/careers\/","title":{"rendered":"Careers"},"content":{"rendered":"\t\t<div data-elementor-type=\"wp-page\" data-elementor-id=\"118\" class=\"elementor elementor-118\" data-elementor-post-type=\"page\">\n\t\t\t\t\t\t<section class=\"elementor-section elementor-top-section elementor-element elementor-element-10050edb elementor-section-content-top elementor-section-full_width elementor-section-height-default elementor-section-height-default\" data-id=\"10050edb\" data-element_type=\"section\" data-e-type=\"section\">\n\t\t\t\t\t\t<div class=\"elementor-container elementor-column-gap-no\">\n\t\t\t\t\t<div class=\"elementor-column elementor-col-100 elementor-top-column elementor-element elementor-element-3fa0c68a\" data-id=\"3fa0c68a\" data-element_type=\"column\" data-e-type=\"column\">\n\t\t\t<div class=\"elementor-widget-wrap elementor-element-populated\">\n\t\t\t\t\t\t<div class=\"elementor-element elementor-element-3230fdc elementor--h-position-center elementor--v-position-middle elementor-arrows-position-inside elementor-pagination-position-inside elementor-widget elementor-widget-slides\" data-id=\"3230fdc\" data-element_type=\"widget\" data-e-type=\"widget\" data-settings=\"{&quot;transition&quot;:&quot;fade&quot;,&quot;transition_speed&quot;:300,&quot;navigation&quot;:&quot;both&quot;,&quot;autoplay&quot;:&quot;yes&quot;,&quot;pause_on_hover&quot;:&quot;yes&quot;,&quot;pause_on_interaction&quot;:&quot;yes&quot;,&quot;autoplay_speed&quot;:5000,&quot;infinite&quot;:&quot;yes&quot;}\" data-widget_type=\"slides.default\">\n\t\t\t\t<div class=\"elementor-widget-container\">\n\t\t\t\t\t\t\t\t\t<div class=\"elementor-swiper\">\n\t\t\t\t\t<div class=\"elementor-slides-wrapper elementor-main-swiper swiper\" role=\"region\" aria-roledescription=\"carousel\" aria-label=\"Slides\" dir=\"ltr\" data-animation=\"fadeInUp\">\n\t\t\t\t<div class=\"swiper-wrapper elementor-slides\">\n\t\t\t\t\t\t\t\t\t\t<div class=\"elementor-repeater-item-d0c105a swiper-slide\" role=\"group\" aria-roledescription=\"slide\"><div class=\"swiper-slide-bg\" role=\"img\" aria-label=\"Rolld_MelbourneUni_Store_Opening-23\"><\/div><div class=\"swiper-slide-inner\" ><div class=\"swiper-slide-contents\"><div class=\"elementor-slide-heading\">WHO ARE WE?<\/div><\/div><\/div><\/div><div class=\"elementor-repeater-item-219c8d3 swiper-slide\" role=\"group\" aria-roledescription=\"slide\"><div class=\"swiper-slide-bg\" role=\"img\" aria-label=\"Rolld_MelbourneUni_Store_Opening-23\"><\/div><div class=\"swiper-slide-inner\" ><div class=\"swiper-slide-contents\"><div class=\"elementor-slide-heading\">WE ARE BOLD<\/div><\/div><\/div><\/div><div class=\"elementor-repeater-item-36a142e swiper-slide\" role=\"group\" aria-roledescription=\"slide\"><div class=\"swiper-slide-bg\" role=\"img\" aria-label=\"4\"><\/div><div class=\"swiper-slide-inner\" ><div class=\"swiper-slide-contents\"><div class=\"elementor-slide-heading\">WE MAKE MEMORIES<\/div><\/div><\/div><\/div><div class=\"elementor-repeater-item-91148ae swiper-slide\" role=\"group\" aria-roledescription=\"slide\"><div class=\"swiper-slide-bg\" role=\"img\" aria-label=\"13\"><\/div><div class=\"swiper-slide-inner\" ><div class=\"swiper-slide-contents\"><div class=\"elementor-slide-heading\">AND HAVE FUN!<\/div><\/div><\/div><\/div><div class=\"elementor-repeater-item-db459a9 swiper-slide\" role=\"group\" aria-roledescription=\"slide\"><div class=\"swiper-slide-bg\" role=\"img\" aria-label=\"4\"><\/div><div class=\"swiper-slide-inner\" ><div class=\"swiper-slide-contents\"><div class=\"elementor-slide-heading\">WE'RE ALL ABOUT TEAM ENGAGEMENT<\/div><\/div><\/div><\/div><div class=\"elementor-repeater-item-b0375b7 swiper-slide\" role=\"group\" aria-roledescription=\"slide\"><div class=\"swiper-slide-bg\" role=\"img\" aria-label=\"IMG_0087\"><\/div><div class=\"swiper-slide-inner\" ><div class=\"swiper-slide-contents\"><div class=\"elementor-slide-heading\">BECAUSE WE ARE FAMILY!<\/div><\/div><\/div><\/div>\t\t\t\t<\/div>\n\t\t\t\t\t\t\t\t\t\t\t\t\t\t\t<div class=\"elementor-swiper-button elementor-swiper-button-prev\" role=\"button\" tabindex=\"0\" aria-label=\"Previous slide\">\n\t\t\t\t\t\t\t<i aria-hidden=\"true\" class=\"eicon-chevron-left\"><\/i>\t\t\t\t\t\t<\/div>\n\t\t\t\t\t\t<div class=\"elementor-swiper-button elementor-swiper-button-next\" role=\"button\" tabindex=\"0\" aria-label=\"Next slide\">\n\t\t\t\t\t\t\t<i aria-hidden=\"true\" class=\"eicon-chevron-right\"><\/i>\t\t\t\t\t\t<\/div>\n\t\t\t\t\t\t\t\t\t\t\t\t\t\t\t\t<div class=\"swiper-pagination\"><\/div>\n\t\t\t\t\t\t\t\t\t\t\t\t<\/div>\n\t\t\t\t<\/div>\n\t\t\t\t\t\t\t\t<\/div>\n\t\t\t\t<\/div>\n\t\t\t\t\t<\/div>\n\t\t<\/div>\n\t\t\t\t\t<\/div>\n\t\t<\/section>\n\t\t\t\t<section class=\"elementor-section elementor-top-section elementor-element elementor-element-2faf741 elementor-section-full_width elementor-section-content-top elementor-section-height-default elementor-section-height-default\" data-id=\"2faf741\" data-element_type=\"section\" data-e-type=\"section\" data-settings=\"{&quot;background_background&quot;:&quot;classic&quot;}\">\n\t\t\t\t\t\t<div class=\"elementor-container elementor-column-gap-no\">\n\t\t\t\t\t<div class=\"elementor-column elementor-col-100 elementor-top-column elementor-element elementor-element-3d75f7b\" data-id=\"3d75f7b\" data-element_type=\"column\" data-e-type=\"column\">\n\t\t\t<div class=\"elementor-widget-wrap elementor-element-populated\">\n\t\t\t\t\t\t<div class=\"elementor-element elementor-element-4789b55 elementor-widget elementor-widget-text-editor\" data-id=\"4789b55\" data-element_type=\"widget\" data-e-type=\"widget\" data-widget_type=\"text-editor.default\">\n\t\t\t\t<div class=\"elementor-widget-container\">\n\t\t\t\t\t\t\t\t\t<h1 style=\"text-align: center;\">ROLL&#8217;D CAREERS\u200b<\/h1>\t\t\t\t\t\t\t\t<\/div>\n\t\t\t\t<\/div>\n\t\t\t\t<div class=\"elementor-element elementor-element-3c2f4dc elementor-widget elementor-widget-text-editor\" data-id=\"3c2f4dc\" data-element_type=\"widget\" data-e-type=\"widget\" data-widget_type=\"text-editor.default\">\n\t\t\t\t<div class=\"elementor-widget-container\">\n\t\t\t\t\t\t\t\t\t<p style=\"text-align: center;\">Hungry to check out the other side of the counter? Spoiler: it\u2019s still saucy.<\/p><p style=\"text-align: center;\">Scope out our various role descriptionss below and submit an expression of interest form below. We&#8217;ll be in contact when an available opportunity arises.<\/p>\t\t\t\t\t\t\t\t<\/div>\n\t\t\t\t<\/div>\n\t\t\t\t\t<\/div>\n\t\t<\/div>\n\t\t\t\t\t<\/div>\n\t\t<\/section>\n\t\t\t\t<section class=\"elementor-section elementor-top-section elementor-element elementor-element-d18de22 elementor-section-boxed elementor-section-height-default elementor-section-height-default\" data-id=\"d18de22\" data-element_type=\"section\" data-e-type=\"section\">\n\t\t\t\t\t\t<div class=\"elementor-container elementor-column-gap-default\">\n\t\t\t\t\t<div class=\"elementor-column elementor-col-25 elementor-top-column elementor-element elementor-element-98b0f12\" data-id=\"98b0f12\" data-element_type=\"column\" data-e-type=\"column\">\n\t\t\t<div class=\"elementor-widget-wrap elementor-element-populated\">\n\t\t\t\t\t\t<div class=\"elementor-element elementor-element-de67e6e elementor-widget elementor-widget-image\" data-id=\"de67e6e\" data-element_type=\"widget\" data-e-type=\"widget\" data-widget_type=\"image.default\">\n\t\t\t\t<div class=\"elementor-widget-container\">\n\t\t\t\t\t\t\t\t\t\t\t\t\t\t\t<img fetchpriority=\"high\" decoding=\"async\" width=\"1019\" height=\"754\" src=\"https:\/\/rolld.co\/nz\/wp-content\/uploads\/sites\/3\/2023\/07\/Untitled-design-58.png\" class=\"attachment-large size-large wp-image-34996\" alt=\"\" srcset=\"https:\/\/rolld.co\/nz\/wp-content\/uploads\/sites\/3\/2023\/07\/Untitled-design-58.png 1019w, https:\/\/rolld.co\/nz\/wp-content\/uploads\/sites\/3\/2023\/07\/Untitled-design-58-768x568.png 768w\" sizes=\"(max-width: 1019px) 100vw, 1019px\" \/>\t\t\t\t\t\t\t\t\t\t\t\t\t\t\t<\/div>\n\t\t\t\t<\/div>\n\t\t\t\t<div class=\"elementor-element elementor-element-b047161 elementor-widget elementor-widget-text-editor\" data-id=\"b047161\" data-element_type=\"widget\" data-e-type=\"widget\" data-widget_type=\"text-editor.default\">\n\t\t\t\t<div class=\"elementor-widget-container\">\n\t\t\t\t\t\t\t\t\t<h2 style=\"text-align: center;\">TEAM MEMBER<\/h2>\t\t\t\t\t\t\t\t<\/div>\n\t\t\t\t<\/div>\n\t\t\t\t<div class=\"elementor-element elementor-element-789c0b1 elementor-widget elementor-widget-text-editor\" data-id=\"789c0b1\" data-element_type=\"widget\" data-e-type=\"widget\" data-widget_type=\"text-editor.default\">\n\t\t\t\t<div class=\"elementor-widget-container\">\n\t\t\t\t\t\t\t\t\t<p style=\"text-align: center;\">Like our Soldiers, team members are on the frontline. You\u2019ll gain hands-on experience. And keep the banter as fresh as our food.<\/p>\t\t\t\t\t\t\t\t<\/div>\n\t\t\t\t<\/div>\n\t\t\t\t\t<\/div>\n\t\t<\/div>\n\t\t\t\t<div class=\"elementor-column elementor-col-25 elementor-top-column elementor-element elementor-element-a920644\" data-id=\"a920644\" data-element_type=\"column\" data-e-type=\"column\">\n\t\t\t<div class=\"elementor-widget-wrap elementor-element-populated\">\n\t\t\t\t\t\t<div class=\"elementor-element elementor-element-bc6b894 elementor-widget elementor-widget-image\" data-id=\"bc6b894\" data-element_type=\"widget\" data-e-type=\"widget\" data-widget_type=\"image.default\">\n\t\t\t\t<div class=\"elementor-widget-container\">\n\t\t\t\t\t\t\t\t\t\t\t\t\t\t\t<img decoding=\"async\" width=\"1019\" height=\"754\" src=\"https:\/\/rolld.co\/nz\/wp-content\/uploads\/sites\/3\/2023\/07\/Girls_Rolling_Soldiers.png\" class=\"attachment-large size-large wp-image-34988\" alt=\"\" srcset=\"https:\/\/rolld.co\/nz\/wp-content\/uploads\/sites\/3\/2023\/07\/Girls_Rolling_Soldiers.png 1019w, https:\/\/rolld.co\/nz\/wp-content\/uploads\/sites\/3\/2023\/07\/Girls_Rolling_Soldiers-768x568.png 768w\" sizes=\"(max-width: 1019px) 100vw, 1019px\" \/>\t\t\t\t\t\t\t\t\t\t\t\t\t\t\t<\/div>\n\t\t\t\t<\/div>\n\t\t\t\t<div class=\"elementor-element elementor-element-02e9847 elementor-widget elementor-widget-text-editor\" data-id=\"02e9847\" data-element_type=\"widget\" data-e-type=\"widget\" data-widget_type=\"text-editor.default\">\n\t\t\t\t<div class=\"elementor-widget-container\">\n\t\t\t\t\t\t\t\t\t<h2 style=\"text-align: center;\">SHIFT SUPERVISOR<\/h2>\t\t\t\t\t\t\t\t<\/div>\n\t\t\t\t<\/div>\n\t\t\t\t<div class=\"elementor-element elementor-element-11e8057 elementor-widget elementor-widget-text-editor\" data-id=\"11e8057\" data-element_type=\"widget\" data-e-type=\"widget\" data-widget_type=\"text-editor.default\">\n\t\t\t\t<div class=\"elementor-widget-container\">\n\t\t\t\t\t\t\t\t\t<p style=\"text-align: center;\">Shift Supervisors are smooth operators. Literally. You know a B\u00fan from a B\u00e1nh M\u00ec. You\u2019ll make sure everything runs like clockwork. And you\u2019re Food Safety &amp; First Aid qualified.<\/p>\t\t\t\t\t\t\t\t<\/div>\n\t\t\t\t<\/div>\n\t\t\t\t\t<\/div>\n\t\t<\/div>\n\t\t\t\t<div class=\"elementor-column elementor-col-25 elementor-top-column elementor-element elementor-element-44227fb\" data-id=\"44227fb\" data-element_type=\"column\" data-e-type=\"column\">\n\t\t\t<div class=\"elementor-widget-wrap elementor-element-populated\">\n\t\t\t\t\t\t<div class=\"elementor-element elementor-element-275e4d9 elementor-widget elementor-widget-image\" data-id=\"275e4d9\" data-element_type=\"widget\" data-e-type=\"widget\" data-widget_type=\"image.default\">\n\t\t\t\t<div class=\"elementor-widget-container\">\n\t\t\t\t\t\t\t\t\t\t\t\t\t\t\t<img decoding=\"async\" width=\"1019\" height=\"754\" src=\"https:\/\/rolld.co\/nz\/wp-content\/uploads\/sites\/3\/2023\/07\/Untitled-design-11.jpg\" class=\"attachment-large size-large wp-image-34998\" alt=\"\" srcset=\"https:\/\/rolld.co\/nz\/wp-content\/uploads\/sites\/3\/2023\/07\/Untitled-design-11.jpg 1019w, https:\/\/rolld.co\/nz\/wp-content\/uploads\/sites\/3\/2023\/07\/Untitled-design-11-768x568.jpg 768w\" sizes=\"(max-width: 1019px) 100vw, 1019px\" \/>\t\t\t\t\t\t\t\t\t\t\t\t\t\t\t<\/div>\n\t\t\t\t<\/div>\n\t\t\t\t<div class=\"elementor-element elementor-element-aaf1f3b elementor-widget elementor-widget-text-editor\" data-id=\"aaf1f3b\" data-element_type=\"widget\" data-e-type=\"widget\" data-widget_type=\"text-editor.default\">\n\t\t\t\t<div class=\"elementor-widget-container\">\n\t\t\t\t\t\t\t\t\t<h2 style=\"text-align: center;\">STORE MANAGER<\/h2>\t\t\t\t\t\t\t\t<\/div>\n\t\t\t\t<\/div>\n\t\t\t\t<div class=\"elementor-element elementor-element-c0d62a5 elementor-widget elementor-widget-text-editor\" data-id=\"c0d62a5\" data-element_type=\"widget\" data-e-type=\"widget\" data-widget_type=\"text-editor.default\">\n\t\t\t\t<div class=\"elementor-widget-container\">\n\t\t\t\t\t\t\t\t\t<p style=\"text-align: center;\">Hello, fearless leader. You handle all store processes. You report directly to the Franchise Partner, or Support Office. And you\u2019ll probably need to organise the holiday party from time to time.<\/p>\t\t\t\t\t\t\t\t<\/div>\n\t\t\t\t<\/div>\n\t\t\t\t\t<\/div>\n\t\t<\/div>\n\t\t\t\t<div class=\"elementor-column elementor-col-25 elementor-top-column elementor-element elementor-element-4a00e0d\" data-id=\"4a00e0d\" data-element_type=\"column\" data-e-type=\"column\">\n\t\t\t<div class=\"elementor-widget-wrap elementor-element-populated\">\n\t\t\t\t\t\t<div class=\"elementor-element elementor-element-8d409c5 elementor-widget elementor-widget-image\" data-id=\"8d409c5\" data-element_type=\"widget\" data-e-type=\"widget\" data-widget_type=\"image.default\">\n\t\t\t\t<div class=\"elementor-widget-container\">\n\t\t\t\t\t\t\t\t\t\t\t\t\t\t\t<img loading=\"lazy\" decoding=\"async\" width=\"1019\" height=\"754\" src=\"https:\/\/rolld.co\/nz\/wp-content\/uploads\/sites\/3\/2023\/07\/Untitled-design-9.jpg\" class=\"attachment-large size-large wp-image-34995\" alt=\"\" srcset=\"https:\/\/rolld.co\/nz\/wp-content\/uploads\/sites\/3\/2023\/07\/Untitled-design-9.jpg 1019w, https:\/\/rolld.co\/nz\/wp-content\/uploads\/sites\/3\/2023\/07\/Untitled-design-9-768x568.jpg 768w\" sizes=\"(max-width: 1019px) 100vw, 1019px\" \/>\t\t\t\t\t\t\t\t\t\t\t\t\t\t\t<\/div>\n\t\t\t\t<\/div>\n\t\t\t\t<div class=\"elementor-element elementor-element-3ece192 elementor-widget elementor-widget-text-editor\" data-id=\"3ece192\" data-element_type=\"widget\" data-e-type=\"widget\" data-widget_type=\"text-editor.default\">\n\t\t\t\t<div class=\"elementor-widget-container\">\n\t\t\t\t\t\t\t\t\t<h2 style=\"text-align: center;\">SUPPORT OFFICE<\/h2>\t\t\t\t\t\t\t\t<\/div>\n\t\t\t\t<\/div>\n\t\t\t\t<div class=\"elementor-element elementor-element-aaf353b elementor-widget elementor-widget-text-editor\" data-id=\"aaf353b\" data-element_type=\"widget\" data-e-type=\"widget\" data-widget_type=\"text-editor.default\">\n\t\t\t\t<div class=\"elementor-widget-container\">\n\t\t\t\t\t\t\t\t\t<p style=\"text-align: center;\">Help us manage ALL Roll\u2019d stores at Support Office. You live and breathe fast, fresh Vietnamese. And eat plenty of it, too.<\/p>\t\t\t\t\t\t\t\t<\/div>\n\t\t\t\t<\/div>\n\t\t\t\t\t<\/div>\n\t\t<\/div>\n\t\t\t\t\t<\/div>\n\t\t<\/section>\n\t\t\t\t<section class=\"elementor-section elementor-top-section elementor-element elementor-element-261411b elementor-hidden-desktop elementor-hidden-laptop elementor-hidden-tablet elementor-hidden-mobile elementor-section-boxed elementor-section-height-default elementor-section-height-default\" data-id=\"261411b\" data-element_type=\"section\" data-e-type=\"section\">\n\t\t\t\t\t\t<div class=\"elementor-container elementor-column-gap-default\">\n\t\t\t\t\t<div class=\"elementor-column elementor-col-100 elementor-top-column elementor-element elementor-element-a492883\" data-id=\"a492883\" data-element_type=\"column\" data-e-type=\"column\">\n\t\t\t<div class=\"elementor-widget-wrap elementor-element-populated\">\n\t\t\t\t\t\t<div class=\"elementor-element elementor-element-b9b57f6 elementor-align-center elementor-widget elementor-widget-button\" data-id=\"b9b57f6\" data-element_type=\"widget\" data-e-type=\"widget\" data-widget_type=\"button.default\">\n\t\t\t\t<div class=\"elementor-widget-container\">\n\t\t\t\t\t\t\t\t\t<div class=\"elementor-button-wrapper\">\n\t\t\t\t\t<a class=\"elementor-button elementor-button-link elementor-size-sm\" href=\"https:\/\/rolld.co\/nz\/careers\/#join-the-fam\">\n\t\t\t\t\t\t<span class=\"elementor-button-content-wrapper\">\n\t\t\t\t\t\t\t\t\t<span class=\"elementor-button-text\">APPLY NOW<\/span>\n\t\t\t\t\t<\/span>\n\t\t\t\t\t<\/a>\n\t\t\t\t<\/div>\n\t\t\t\t\t\t\t\t<\/div>\n\t\t\t\t<\/div>\n\t\t\t\t\t<\/div>\n\t\t<\/div>\n\t\t\t\t\t<\/div>\n\t\t<\/section>\n\t\t\t\t<section class=\"elementor-section elementor-top-section elementor-element elementor-element-9c03271 meet-the-family-wrap v-space-main elementor-hidden-desktop elementor-hidden-laptop elementor-hidden-tablet elementor-hidden-mobile elementor-section-boxed elementor-section-height-default elementor-section-height-default\" data-id=\"9c03271\" data-element_type=\"section\" data-e-type=\"section\" id=\"meet-the-family\">\n\t\t\t\t\t\t<div class=\"elementor-container elementor-column-gap-default\">\n\t\t\t\t\t<div class=\"elementor-column elementor-col-100 elementor-top-column elementor-element elementor-element-06922da\" data-id=\"06922da\" data-element_type=\"column\" data-e-type=\"column\">\n\t\t\t<div class=\"elementor-widget-wrap elementor-element-populated\">\n\t\t\t\t\t\t<div class=\"elementor-element elementor-element-0bdaf09 elementor-icon-list--layout-inline elementor-align-center elementor-list-item-link-full_width elementor-widget elementor-widget-icon-list\" data-id=\"0bdaf09\" data-element_type=\"widget\" data-e-type=\"widget\" data-widget_type=\"icon-list.default\">\n\t\t\t\t<div class=\"elementor-widget-container\">\n\t\t\t\t\t\t\t<ul class=\"elementor-icon-list-items elementor-inline-items\">\n\t\t\t\t\t\t\t<li class=\"elementor-icon-list-item elementor-inline-item\">\n\t\t\t\t\t\t\t\t\t\t\t<a href=\"#meet-the-family\">\n\n\t\t\t\t\t\t\t\t\t\t\t<span class=\"elementor-icon-list-text\">Meet the fam<\/span>\n\t\t\t\t\t\t\t\t\t\t\t<\/a>\n\t\t\t\t\t\t\t\t\t<\/li>\n\t\t\t\t\t\t<\/ul>\n\t\t\t\t\t\t<\/div>\n\t\t\t\t<\/div>\n\t\t\t\t<div class=\"elementor-element elementor-element-a6d0ad4 elementor-widget elementor-widget-Rolld Employee\" data-id=\"a6d0ad4\" data-element_type=\"widget\" data-e-type=\"widget\" data-widget_type=\"Rolld Employee.default\">\n\t\t\t\t<div class=\"elementor-widget-container\">\n\t\t\t\t\t            <div class=\"meet-the-family-slider\">\n                <!-- Swiper -->\n                <div class=\"swiper-container\">\n                    <div class=\"swiper-wrapper\">\n                                <div class=\"swiper-slide\">                                        <img decoding=\"async\" src=\"https:\/\/rolld.co\/nz\/wp-content\/uploads\/2025\/04\/3.png\" alt=\"\">                                        <h3>Ha <\/h3>                                        <span>@ ROLL\u2019D SINCE \u2014 2016<\/span>                                        <p>\"I started with Roll\u2019d as a team member and was proud to be named National Roller of the Year. After managing Roll\u2019d Parramatta, I opened my first store and later expanded into a multi-site franchisee across NSW and SA. I'm passionate about growing teams and sharing the Roll\u2019d experience.\"<\/p>                                <\/div>\n                                <div class=\"swiper-slide\">                                        <img decoding=\"async\" src=\"https:\/\/rolld.co\/nz\/wp-content\/uploads\/2025\/04\/1.png\" alt=\"\">                                        <h3>Hannah<\/h3>                                        <span>@ ROLL\u2019D SINCE \u2014 2022<\/span>                                        <p>\"I\u2019ve been with Roll\u2019d for 3 years, starting as a team member and growing into a store manager. It\u2019s been an amazing journey of learning, leadership, and being part of a supportive team.\"<\/p>                                <\/div>\n                                <div class=\"swiper-slide\">                                        <img decoding=\"async\" src=\"https:\/\/rolld.co\/nz\/wp-content\/uploads\/2025\/04\/2.png\" alt=\"\">                                        <h3>Theo<\/h3>                                        <span>@ ROLL\u2019D SINCE \u2014 2023<\/span>                                        <p>\"Since joining Roll\u2019d, I\u2019ve loved every moment. Growing my skills, meeting great people, and feeling right at home in the Roll\u2019d family.\"<\/p>                                <\/div>                    <\/div>\n                <\/div>\n                <div class=\"swiper-button-next\"><\/div>\n                <div class=\"swiper-button-prev\"><\/div>\n            <\/div>\t\t\t\t<\/div>\n\t\t\t\t<\/div>\n\t\t\t\t<div class=\"elementor-element elementor-element-486c6c1 elementor-icon-list--layout-inline elementor-align-center elementor-list-item-link-full_width elementor-widget elementor-widget-icon-list\" data-id=\"486c6c1\" data-element_type=\"widget\" data-e-type=\"widget\" data-widget_type=\"icon-list.default\">\n\t\t\t\t<div class=\"elementor-widget-container\">\n\t\t\t\t\t\t\t<ul class=\"elementor-icon-list-items elementor-inline-items\">\n\t\t\t\t\t\t\t<li class=\"elementor-icon-list-item elementor-inline-item\">\n\t\t\t\t\t\t\t\t\t\t\t<a href=\"#meet-the-family\">\n\n\t\t\t\t\t\t\t\t\t\t\t<span class=\"elementor-icon-list-text\">AVAILABLE POSITIONS<\/span>\n\t\t\t\t\t\t\t\t\t\t\t<\/a>\n\t\t\t\t\t\t\t\t\t<\/li>\n\t\t\t\t\t\t<\/ul>\n\t\t\t\t\t\t<\/div>\n\t\t\t\t<\/div>\n\t\t\t\t<div class=\"elementor-element elementor-element-9f36ec8 elementor-widget elementor-widget-html\" data-id=\"9f36ec8\" data-element_type=\"widget\" data-e-type=\"widget\" data-widget_type=\"html.default\">\n\t\t\t\t<div class=\"elementor-widget-container\">\n\t\t\t\t\t<div id=\"ja-jobs-widget\"><\/div>\n<script>\n\tvar _baseUrl = \"\/\/apps.jobadder.com\/widgets\";\n\tvar _jaJobsSettings = {\n\t\tkey: \"AU6_7nxtqnipkpqejd64jo5j4mwcpy\",\n\t\tjobSearchSettings: {\n\t\t\tshowSearchForm: true,\n\t\t\tclassificationsToExclude: [28580,28581],\n\t\t\tsearchButtonText: \"Search\"\n\t\t},\n\t\tjobListSettings: {\n\t\t\tshowDatePosted: false,\n\t\t\tshowClassifications: false,\n\t\t\treadMoreText: \"Click To Apply\"\n\t\t},\n\t\tapplicationFormSettings: {\n\t\t\tuseExternalApplicationForm: true,\n\t\t\tshowExternalApplicationFormInNewWindow: false\n\t\t}\n\t};\n<\/script>\n<script src=\"\/\/apps.jobadder.com\/widgets\/v1\/jobs.min.js\"><\/script>\t\t\t\t<\/div>\n\t\t\t\t<\/div>\n\t\t\t\t<div class=\"elementor-element elementor-element-4d97000 elementor-widget elementor-widget-menu-anchor\" data-id=\"4d97000\" data-element_type=\"widget\" data-e-type=\"widget\" data-widget_type=\"menu-anchor.default\">\n\t\t\t\t<div class=\"elementor-widget-container\">\n\t\t\t\t\t\t\t<div class=\"elementor-menu-anchor\" id=\"join-the-fam\"><\/div>\n\t\t\t\t\t\t<\/div>\n\t\t\t\t<\/div>\n\t\t\t\t\t<\/div>\n\t\t<\/div>\n\t\t\t\t\t<\/div>\n\t\t<\/section>\n\t\t\t\t<section class=\"elementor-section elementor-top-section elementor-element elementor-element-1722c3f elementor-section-boxed elementor-section-height-default elementor-section-height-default\" data-id=\"1722c3f\" data-element_type=\"section\" data-e-type=\"section\">\n\t\t\t\t\t\t<div class=\"elementor-container elementor-column-gap-default\">\n\t\t\t\t\t<div class=\"elementor-column elementor-col-100 elementor-top-column elementor-element elementor-element-54d063c\" data-id=\"54d063c\" data-element_type=\"column\" data-e-type=\"column\">\n\t\t\t<div class=\"elementor-widget-wrap elementor-element-populated\">\n\t\t\t\t\t\t<div class=\"elementor-element elementor-element-e52363b elementor-widget elementor-widget-heading\" data-id=\"e52363b\" data-element_type=\"widget\" data-e-type=\"widget\" data-widget_type=\"heading.default\">\n\t\t\t\t<div class=\"elementor-widget-container\">\n\t\t\t\t\t<span class=\"elementor-heading-title elementor-size-default\"><span>If you can't see a position in your area, apply to be notified directly when we have a vacancy in your area.&nbsp;<\/span><\/span>\t\t\t\t<\/div>\n\t\t\t\t<\/div>\n\t\t\t\t<div class=\"elementor-element elementor-element-1a61e1d elementor-button-info elementor-align-center elementor-widget elementor-widget-button\" data-id=\"1a61e1d\" data-element_type=\"widget\" data-e-type=\"widget\" data-widget_type=\"button.default\">\n\t\t\t\t<div class=\"elementor-widget-container\">\n\t\t\t\t\t\t\t\t\t<div class=\"elementor-button-wrapper\">\n\t\t\t\t\t<a class=\"elementor-button elementor-button-link elementor-size-sm\" href=\"https:\/\/form.jotform.com\/form\/252378594115867\" target=\"_blank\" rel=\"noopener\">\n\t\t\t\t\t\t<span class=\"elementor-button-content-wrapper\">\n\t\t\t\t\t\t\t\t\t<span class=\"elementor-button-text\">Expression of Interest<\/span>\n\t\t\t\t\t<\/span>\n\t\t\t\t\t<\/a>\n\t\t\t\t<\/div>\n\t\t\t\t\t\t\t\t<\/div>\n\t\t\t\t<\/div>\n\t\t\t\t\t<\/div>\n\t\t<\/div>\n\t\t\t\t\t<\/div>\n\t\t<\/section>\n\t\t\t\t<\/div>\n\t\t","protected":false},"excerpt":{"rendered":"<p>WHO ARE WE?WE ARE BOLDWE MAKE MEMORIESAND HAVE FUN!WE&#8217;RE ALL ABOUT TEAM ENGAGEMENTBECAUSE WE ARE FAMILY! ROLL&#8217;D CAREERS\u200b Hungry to check out the other side of the counter? Spoiler: it\u2019s&#8230;<\/p>\n","protected":false},"author":1,"featured_media":0,"parent":0,"menu_order":0,"comment_status":"closed","ping_status":"closed","template":"","meta":{"_acf_changed":false,"content-type":"","footnotes":""},"class_list":["post-118","page","type-page","status-publish","hentry"],"acf":[],"_links":{"self":[{"href":"https:\/\/rolld.co\/nz\/wp-json\/wp\/v2\/pages\/118","targetHints":{"allow":["GET"]}}],"collection":[{"href":"https:\/\/rolld.co\/nz\/wp-json\/wp\/v2\/pages"}],"about":[{"href":"https:\/\/rolld.co\/nz\/wp-json\/wp\/v2\/types\/page"}],"author":[{"embeddable":true,"href":"https:\/\/rolld.co\/nz\/wp-json\/wp\/v2\/users\/1"}],"replies":[{"embeddable":true,"href":"https:\/\/rolld.co\/nz\/wp-json\/wp\/v2\/comments?post=118"}],"version-history":[{"count":0,"href":"https:\/\/rolld.co\/nz\/wp-json\/wp\/v2\/pages\/118\/revisions"}],"wp:attachment":[{"href":"https:\/\/rolld.co\/nz\/wp-json\/wp\/v2\/media?parent=118"}],"curies":[{"name":"wp","href":"https:\/\/api.w.org\/{rel}","templated":true}]}}